{"id":46753,"date":"2024-12-26T13:35:24","date_gmt":"2024-12-26T13:35:24","guid":{"rendered":"https:\/\/topsmartfurniture.com\/product\/kubik-electronics\/"},"modified":"2025-06-03T20:03:20","modified_gmt":"2025-06-03T20:03:20","slug":"kubik-electronics","status":"publish","type":"product","link":"https:\/\/topsmartfurniture.com\/en\/product\/kubik-electronics\/","title":{"rendered":"KUBIK Electronics"},"content":{"rendered":"<p><em><strong>Components included<\/strong><\/em><\/p>\n<ul>\n<li>Power cable with 2-pole output.<\/li>\n<li>Plug for socket.<\/li>\n<li>Wireless charger designed for integration into furniture.<\/li>\n<li>LED strip light with diffuser.<\/li>\n<li>Current transformer with 5 DUPONT outputs.<\/li>\n<li>Adjustable haptic switch designed for integration.<\/li>\n<li>USB charging module with 2 outputs: USB-A QC and USB-C PD outputs.<\/li>\n<li>Power converter with 2 outputs: USB-A QC and USB-C PD outputs.<\/li>\n<\/ul>\n<p><em><strong>Dimensions<\/strong><\/em><\/p>\n<ul>\n<li>Designed to be integrated into any surface with a minimum thickness of 30mm.<\/li>\n<\/ul>\n<p><em><strong>Warranty<\/strong><\/em><\/p>\n<p>All Top Smart Furniture products are backed by a 3-year warranty from the date of purchase, covering manufacturing defects and performance problems. Should any product defect be found, replacement will be at no additional cost. Any defect due to misuse or normal wear and tear of the product is not covered. <\/p>\n<p><em><strong>Certificates<\/strong><\/em><\/p>\n<p><img decoding=\"async\" class=\"alignnone wp-image-440\" src=\"https:\/\/smartur.eu\/wp-content\/uploads\/2024\/08\/CE-certificado-300x266.png\" sizes=\"(max-width: 67px) 100vw, 67px\" srcset=\"https:\/\/smartur.eu\/wp-content\/uploads\/2024\/08\/CE-certificado-300x266.png 300w, https:\/\/smartur.eu\/wp-content\/uploads\/2024\/08\/CE-certificado-1024x906.png 1024w, https:\/\/smartur.eu\/wp-content\/uploads\/2024\/08\/CE-certificado-768x680.png 768w, https:\/\/smartur.eu\/wp-content\/uploads\/2024\/08\/CE-certificado-1536x1360.png 1536w, https:\/\/smartur.eu\/wp-content\/uploads\/2024\/08\/CE-certificado-600x531.png 600w, https:\/\/smartur.eu\/wp-content\/uploads\/2024\/08\/CE-certificado.png 1603w\" alt=\"\" width=\"33\" height=\"29\">             <img decoding=\"async\" class=\"alignnone wp-image-441\" src=\"https:\/\/smartur.eu\/wp-content\/uploads\/2024\/08\/ROHS-certificado-300x91.png\" sizes=\"(max-width: 162px) 100vw, 162px\" srcset=\"https:\/\/smartur.eu\/wp-content\/uploads\/2024\/08\/ROHS-certificado-300x91.png 300w, https:\/\/smartur.eu\/wp-content\/uploads\/2024\/08\/ROHS-certificado-1024x310.png 1024w, https:\/\/smartur.eu\/wp-content\/uploads\/2024\/08\/ROHS-certificado-768x233.png 768w, https:\/\/smartur.eu\/wp-content\/uploads\/2024\/08\/ROHS-certificado-1536x465.png 1536w, https:\/\/smartur.eu\/wp-content\/uploads\/2024\/08\/ROHS-certificado-600x182.png 600w, https:\/\/smartur.eu\/wp-content\/uploads\/2024\/08\/ROHS-certificado.png 1591w\" alt=\"\" width=\"99\" height=\"30\">      <img decoding=\"async\" class=\"alignnone wp-image-862\" src=\"https:\/\/smartur.eu\/wp-content\/uploads\/2024\/11\/qi-logo_Mesa-de-trabajo-1-300x300.png\" sizes=\"(max-width: 108px) 100vw, 108px\" srcset=\"https:\/\/smartur.eu\/wp-content\/uploads\/2024\/11\/qi-logo_Mesa-de-trabajo-1-300x300.png 300w, https:\/\/smartur.eu\/wp-content\/uploads\/2024\/11\/qi-logo_Mesa-de-trabajo-1-1024x1024.png 1024w, https:\/\/smartur.eu\/wp-content\/uploads\/2024\/11\/qi-logo_Mesa-de-trabajo-1-150x150.png 150w, https:\/\/smartur.eu\/wp-content\/uploads\/2024\/11\/qi-logo_Mesa-de-trabajo-1-768x768.png 768w, https:\/\/smartur.eu\/wp-content\/uploads\/2024\/11\/qi-logo_Mesa-de-trabajo-1-1536x1536.png 1536w, https:\/\/smartur.eu\/wp-content\/uploads\/2024\/11\/qi-logo_Mesa-de-trabajo-1-2048x2048.png 2048w, https:\/\/smartur.eu\/wp-content\/uploads\/2024\/11\/qi-logo_Mesa-de-trabajo-1-600x600.png 600w, https:\/\/smartur.eu\/wp-content\/uploads\/2024\/11\/qi-logo_Mesa-de-trabajo-1-100x100.png 100w\" alt=\"\" width=\"37\" height=\"37\"><\/p>\n","protected":false},"excerpt":{"rendered":"<p>A single circuit equipped with USB-A and USB-C charging technology, wireless charging, and LED lighting. All with a single power outlet and designed to be integrated into a minimum thickness of 3 cm. KUBIK manages to eliminate the tangle of cables and optimizes the daily routine of charging devices with greater convenience and elegance. With a sophisticated finish, this technology is an essential in any room. <\/p>\n<ul>\n<li>15W fast charging, wireless.<\/li>\n<li>LED lighting with haptic switch.<\/li>\n<li>USB C.<\/li>\n<li>USB A.<\/li>\n<li>Fastening to wood\/cloth.<\/li>\n<li>Integrated power supply in a single cable.<\/li>\n<\/ul>\n<p>&nbsp;<\/p>\n<p>&#8211;&gt; No furniture is supplied, this pack includes only the electronic components.<\/p>\n","protected":false},"featured_media":45975,"comment_status":"open","ping_status":"closed","template":"","meta":[],"product_brand":[],"product_cat":[198],"product_tag":[],"class_list":{"0":"post-46753","1":"product","2":"type-product","3":"status-publish","4":"has-post-thumbnail","6":"product_cat-integrated-technology","9":"first","10":"instock","11":"taxable","12":"shipping-taxable","13":"product-type-simple"},"yoast_head":"<!-- This site is optimized with the Yoast SEO plugin v26.2 - https:\/\/yoast.com\/wordpress\/plugins\/seo\/ -->\n<title>KUBIK Electronics - topsmartfurniture.com<\/title>\n<meta name=\"description\" content=\"A single circuit equipped with USB-A and USB-C charging technology, wireless charging, and LED lighting. All from a single power outlet.\" \/>\n<meta name=\"robots\" content=\"index, follow, max-snippet:-1, max-image-preview:large, max-video-preview:-1\" \/>\n<link rel=\"canonical\" href=\"https:\/\/topsmartfurniture.com\/en\/product\/kubik-electronics\/\" \/>\n<meta property=\"og:locale\" content=\"en_US\" \/>\n<meta property=\"og:type\" content=\"article\" \/>\n<meta property=\"og:title\" content=\"KUBIK Electronics - topsmartfurniture.com\" \/>\n<meta property=\"og:description\" content=\"A single circuit equipped with USB-A and USB-C charging technology, wireless charging, and LED lighting. All from a single power outlet.\" \/>\n<meta property=\"og:url\" content=\"https:\/\/topsmartfurniture.com\/en\/product\/kubik-electronics\/\" \/>\n<meta property=\"og:site_name\" content=\"topsmartfurniture.com\" \/>\n<meta property=\"article:modified_time\" content=\"2025-06-03T20:03:20+00:00\" \/>\n<meta property=\"og:image\" content=\"https:\/\/topsmartfurniture.com\/wp-content\/uploads\/2024\/12\/KUBIK-solo-electronica-TOP.jpg\" \/>\n\t<meta property=\"og:image:width\" content=\"1000\" \/>\n\t<meta property=\"og:image:height\" content=\"1200\" \/>\n\t<meta property=\"og:image:type\" content=\"image\/jpeg\" \/>\n<meta name=\"twitter:card\" content=\"summary_large_image\" \/>\n<meta name=\"twitter:label1\" content=\"Est. reading time\" \/>\n\t<meta name=\"twitter:data1\" content=\"1 minute\" \/>\n<script type=\"application\/ld+json\" class=\"yoast-schema-graph\">{\"@context\":\"https:\/\/schema.org\",\"@graph\":[{\"@type\":\"WebPage\",\"@id\":\"https:\/\/topsmartfurniture.com\/en\/product\/kubik-electronics\/\",\"url\":\"https:\/\/topsmartfurniture.com\/en\/product\/kubik-electronics\/\",\"name\":\"KUBIK Electronics - topsmartfurniture.com\",\"isPartOf\":{\"@id\":\"https:\/\/topsmartfurniture.com\/en\/#website\"},\"primaryImageOfPage\":{\"@id\":\"https:\/\/topsmartfurniture.com\/en\/product\/kubik-electronics\/#primaryimage\"},\"image\":{\"@id\":\"https:\/\/topsmartfurniture.com\/en\/product\/kubik-electronics\/#primaryimage\"},\"thumbnailUrl\":\"https:\/\/topsmartfurniture.com\/wp-content\/uploads\/2024\/12\/KUBIK-solo-electronica-TOP.jpg\",\"datePublished\":\"2024-12-26T13:35:24+00:00\",\"dateModified\":\"2025-06-03T20:03:20+00:00\",\"description\":\"A single circuit equipped with USB-A and USB-C charging technology, wireless charging, and LED lighting. All from a single power outlet.\",\"breadcrumb\":{\"@id\":\"https:\/\/topsmartfurniture.com\/en\/product\/kubik-electronics\/#breadcrumb\"},\"inLanguage\":\"en-US\",\"potentialAction\":[{\"@type\":\"ReadAction\",\"target\":[\"https:\/\/topsmartfurniture.com\/en\/product\/kubik-electronics\/\"]}]},{\"@type\":\"ImageObject\",\"inLanguage\":\"en-US\",\"@id\":\"https:\/\/topsmartfurniture.com\/en\/product\/kubik-electronics\/#primaryimage\",\"url\":\"https:\/\/topsmartfurniture.com\/wp-content\/uploads\/2024\/12\/KUBIK-solo-electronica-TOP.jpg\",\"contentUrl\":\"https:\/\/topsmartfurniture.com\/wp-content\/uploads\/2024\/12\/KUBIK-solo-electronica-TOP.jpg\",\"width\":1000,\"height\":1200,\"caption\":\"KUBIK smartur madera multicargador tecnolog\u00eda integrada mobiliario inteligente carga USB carga inal\u00e1mbrica electr\u00f3nica\"},{\"@type\":\"BreadcrumbList\",\"@id\":\"https:\/\/topsmartfurniture.com\/en\/product\/kubik-electronics\/#breadcrumb\",\"itemListElement\":[{\"@type\":\"ListItem\",\"position\":1,\"name\":\"Inicio\",\"item\":\"https:\/\/topsmartfurniture.com\/en\/\"},{\"@type\":\"ListItem\",\"position\":2,\"name\":\"Shop\",\"item\":\"https:\/\/topsmartfurniture.com\/en\/shop\/\"},{\"@type\":\"ListItem\",\"position\":3,\"name\":\"KUBIK Electronics\"}]},{\"@type\":\"WebSite\",\"@id\":\"https:\/\/topsmartfurniture.com\/en\/#website\",\"url\":\"https:\/\/topsmartfurniture.com\/en\/\",\"name\":\"topsmartfurniture.com\",\"description\":\"\",\"publisher\":{\"@id\":\"https:\/\/topsmartfurniture.com\/en\/#organization\"},\"potentialAction\":[{\"@type\":\"SearchAction\",\"target\":{\"@type\":\"EntryPoint\",\"urlTemplate\":\"https:\/\/topsmartfurniture.com\/en\/?s={search_term_string}\"},\"query-input\":{\"@type\":\"PropertyValueSpecification\",\"valueRequired\":true,\"valueName\":\"search_term_string\"}}],\"inLanguage\":\"en-US\"},{\"@type\":\"Organization\",\"@id\":\"https:\/\/topsmartfurniture.com\/en\/#organization\",\"name\":\"Top Smart Furniture\",\"url\":\"https:\/\/topsmartfurniture.com\/en\/\",\"logo\":{\"@type\":\"ImageObject\",\"inLanguage\":\"en-US\",\"@id\":\"https:\/\/topsmartfurniture.com\/en\/#\/schema\/logo\/image\/\",\"url\":\"https:\/\/topsmartfurniture.com\/wp-content\/uploads\/2024\/12\/Logo-Top-Smart-Furniture-2.png\",\"contentUrl\":\"https:\/\/topsmartfurniture.com\/wp-content\/uploads\/2024\/12\/Logo-Top-Smart-Furniture-2.png\",\"width\":800,\"height\":200,\"caption\":\"Top Smart Furniture\"},\"image\":{\"@id\":\"https:\/\/topsmartfurniture.com\/en\/#\/schema\/logo\/image\/\"},\"sameAs\":[\"https:\/\/www.instagram.com\/topsmartfurniture\/\"]}]}<\/script>\n<!-- \/ Yoast SEO plugin. -->","yoast_head_json":{"title":"KUBIK Electronics - topsmartfurniture.com","description":"A single circuit equipped with USB-A and USB-C charging technology, wireless charging, and LED lighting. All from a single power outlet.","robots":{"index":"index","follow":"follow","max-snippet":"max-snippet:-1","max-image-preview":"max-image-preview:large","max-video-preview":"max-video-preview:-1"},"canonical":"https:\/\/topsmartfurniture.com\/en\/product\/kubik-electronics\/","og_locale":"en_US","og_type":"article","og_title":"KUBIK Electronics - topsmartfurniture.com","og_description":"A single circuit equipped with USB-A and USB-C charging technology, wireless charging, and LED lighting. All from a single power outlet.","og_url":"https:\/\/topsmartfurniture.com\/en\/product\/kubik-electronics\/","og_site_name":"topsmartfurniture.com","article_modified_time":"2025-06-03T20:03:20+00:00","og_image":[{"width":1000,"height":1200,"url":"https:\/\/topsmartfurniture.com\/wp-content\/uploads\/2024\/12\/KUBIK-solo-electronica-TOP.jpg","type":"image\/jpeg"}],"twitter_card":"summary_large_image","twitter_misc":{"Est. reading time":"1 minute"},"schema":{"@context":"https:\/\/schema.org","@graph":[{"@type":"WebPage","@id":"https:\/\/topsmartfurniture.com\/en\/product\/kubik-electronics\/","url":"https:\/\/topsmartfurniture.com\/en\/product\/kubik-electronics\/","name":"KUBIK Electronics - topsmartfurniture.com","isPartOf":{"@id":"https:\/\/topsmartfurniture.com\/en\/#website"},"primaryImageOfPage":{"@id":"https:\/\/topsmartfurniture.com\/en\/product\/kubik-electronics\/#primaryimage"},"image":{"@id":"https:\/\/topsmartfurniture.com\/en\/product\/kubik-electronics\/#primaryimage"},"thumbnailUrl":"https:\/\/topsmartfurniture.com\/wp-content\/uploads\/2024\/12\/KUBIK-solo-electronica-TOP.jpg","datePublished":"2024-12-26T13:35:24+00:00","dateModified":"2025-06-03T20:03:20+00:00","description":"A single circuit equipped with USB-A and USB-C charging technology, wireless charging, and LED lighting. All from a single power outlet.","breadcrumb":{"@id":"https:\/\/topsmartfurniture.com\/en\/product\/kubik-electronics\/#breadcrumb"},"inLanguage":"en-US","potentialAction":[{"@type":"ReadAction","target":["https:\/\/topsmartfurniture.com\/en\/product\/kubik-electronics\/"]}]},{"@type":"ImageObject","inLanguage":"en-US","@id":"https:\/\/topsmartfurniture.com\/en\/product\/kubik-electronics\/#primaryimage","url":"https:\/\/topsmartfurniture.com\/wp-content\/uploads\/2024\/12\/KUBIK-solo-electronica-TOP.jpg","contentUrl":"https:\/\/topsmartfurniture.com\/wp-content\/uploads\/2024\/12\/KUBIK-solo-electronica-TOP.jpg","width":1000,"height":1200,"caption":"KUBIK smartur madera multicargador tecnolog\u00eda integrada mobiliario inteligente carga USB carga inal\u00e1mbrica electr\u00f3nica"},{"@type":"BreadcrumbList","@id":"https:\/\/topsmartfurniture.com\/en\/product\/kubik-electronics\/#breadcrumb","itemListElement":[{"@type":"ListItem","position":1,"name":"Inicio","item":"https:\/\/topsmartfurniture.com\/en\/"},{"@type":"ListItem","position":2,"name":"Shop","item":"https:\/\/topsmartfurniture.com\/en\/shop\/"},{"@type":"ListItem","position":3,"name":"KUBIK Electronics"}]},{"@type":"WebSite","@id":"https:\/\/topsmartfurniture.com\/en\/#website","url":"https:\/\/topsmartfurniture.com\/en\/","name":"topsmartfurniture.com","description":"","publisher":{"@id":"https:\/\/topsmartfurniture.com\/en\/#organization"},"potentialAction":[{"@type":"SearchAction","target":{"@type":"EntryPoint","urlTemplate":"https:\/\/topsmartfurniture.com\/en\/?s={search_term_string}"},"query-input":{"@type":"PropertyValueSpecification","valueRequired":true,"valueName":"search_term_string"}}],"inLanguage":"en-US"},{"@type":"Organization","@id":"https:\/\/topsmartfurniture.com\/en\/#organization","name":"Top Smart Furniture","url":"https:\/\/topsmartfurniture.com\/en\/","logo":{"@type":"ImageObject","inLanguage":"en-US","@id":"https:\/\/topsmartfurniture.com\/en\/#\/schema\/logo\/image\/","url":"https:\/\/topsmartfurniture.com\/wp-content\/uploads\/2024\/12\/Logo-Top-Smart-Furniture-2.png","contentUrl":"https:\/\/topsmartfurniture.com\/wp-content\/uploads\/2024\/12\/Logo-Top-Smart-Furniture-2.png","width":800,"height":200,"caption":"Top Smart Furniture"},"image":{"@id":"https:\/\/topsmartfurniture.com\/en\/#\/schema\/logo\/image\/"},"sameAs":["https:\/\/www.instagram.com\/topsmartfurniture\/"]}]}},"_links":{"self":[{"href":"https:\/\/topsmartfurniture.com\/en\/wp-json\/wp\/v2\/product\/46753","targetHints":{"allow":["GET"]}}],"collection":[{"href":"https:\/\/topsmartfurniture.com\/en\/wp-json\/wp\/v2\/product"}],"about":[{"href":"https:\/\/topsmartfurniture.com\/en\/wp-json\/wp\/v2\/types\/product"}],"replies":[{"embeddable":true,"href":"https:\/\/topsmartfurniture.com\/en\/wp-json\/wp\/v2\/comments?post=46753"}],"wp:featuredmedia":[{"embeddable":true,"href":"https:\/\/topsmartfurniture.com\/en\/wp-json\/wp\/v2\/media\/45975"}],"wp:attachment":[{"href":"https:\/\/topsmartfurniture.com\/en\/wp-json\/wp\/v2\/media?parent=46753"}],"wp:term":[{"taxonomy":"product_brand","embeddable":true,"href":"https:\/\/topsmartfurniture.com\/en\/wp-json\/wp\/v2\/product_brand?post=46753"},{"taxonomy":"product_cat","embeddable":true,"href":"https:\/\/topsmartfurniture.com\/en\/wp-json\/wp\/v2\/product_cat?post=46753"},{"taxonomy":"product_tag","embeddable":true,"href":"https:\/\/topsmartfurniture.com\/en\/wp-json\/wp\/v2\/product_tag?post=46753"}],"curies":[{"name":"wp","href":"https:\/\/api.w.org\/{rel}","templated":true}]}}