{"id":47573,"date":"2025-04-08T08:49:23","date_gmt":"2025-04-08T08:49:23","guid":{"rendered":"https:\/\/topsmartfurniture.com\/product\/root\/"},"modified":"2025-04-08T09:17:20","modified_gmt":"2025-04-08T09:17:20","slug":"root","status":"publish","type":"product","link":"https:\/\/topsmartfurniture.com\/en\/product\/root\/","title":{"rendered":"ROOT"},"content":{"rendered":"<div class=\"page\" title=\"Page 10\">\n<div class=\"section\">\n<div class=\"layoutArea\">\n<div class=\"column\">\n<p>With ROOT customers will be able to charge their devices while enjoying their meal.<\/p>\n<p>ROOT is an adaptable and discreet technological solution that allows the integration of electrification in a simple and efficient way. It adapts to any piece of furniture without affecting its aesthetics. <\/p>\n<div class=\"page\" title=\"Page 11\">\n<div class=\"section\">\n<div class=\"layoutArea\">\n<div class=\"column\">\n<p>Improves efficiency in energy consumption and facilitates the management of electricity use.<\/p>\n<div class=\"page\" title=\"Page 13\">\n<div class=\"section\">\n<div class=\"layoutArea\">\n<div class=\"column\">\n<p>It has an anti-theft system with a magnetic key, with which it can be detached from its integrated support on the table for charging.<\/p>\n<\/div>\n<\/div>\n<\/div>\n<\/div>\n<\/div>\n<\/div>\n<\/div>\n<\/div>\n<\/div>\n<\/div>\n<\/div>\n<\/div>\n<p><em><strong>Technical Characteristics<\/strong><\/em><\/p>\n<ul>\n<li>Width: 96 mm<\/li>\n<li>Maximum depth: 189 mm<\/li>\n<li>Height: 55 mm<\/li>\n<li>Unlocking key.<\/li>\n<li>Removable battery.<\/li>\n<\/ul>\n<p><em><strong>Feeding<\/strong><\/em><\/p>\n<ul>\n<li>Outputs:\n<ul>\n<li>USB-A QC= 18W<\/li>\n<li>USB-C PD= 20W<\/li>\n<li>Possibility of wireless charging by adding the <a href=\"https:\/\/topsmartfurniture.com\/producto\/ghost\/\">Ghost<\/a> device.<\/li>\n<\/ul>\n<\/li>\n<\/ul>\n<p><em><strong>Spare parts<\/strong><\/em><\/p>\n<p>If you need any spare parts, please do not hesitate to contact us. Thank you. <\/p>\n<p><em><strong>Warranty<\/strong><\/em><\/p>\n<p>All Top Smart Furniture products are backed by a 3-year warranty from the date of purchase, covering manufacturing defects and performance problems. Should any product defect be found, replacement will be at no additional cost. <\/p>\n<p>Any defect due to misuse or normal wear and tear of the product is not covered.<\/p>\n<p><em><strong>Certificates<\/strong><\/em><\/p>\n<p><img decoding=\"async\" class=\"alignnone wp-image-440\" src=\"https:\/\/smartur.eu\/wp-content\/uploads\/2024\/08\/CE-certificado-300x266.png\" sizes=\"(max-width: 67px) 100vw, 67px\" srcset=\"https:\/\/smartur.eu\/wp-content\/uploads\/2024\/08\/CE-certificado-300x266.png 300w, https:\/\/smartur.eu\/wp-content\/uploads\/2024\/08\/CE-certificado-1024x906.png 1024w, https:\/\/smartur.eu\/wp-content\/uploads\/2024\/08\/CE-certificado-768x680.png 768w, https:\/\/smartur.eu\/wp-content\/uploads\/2024\/08\/CE-certificado-1536x1360.png 1536w, https:\/\/smartur.eu\/wp-content\/uploads\/2024\/08\/CE-certificado-600x531.png 600w, https:\/\/smartur.eu\/wp-content\/uploads\/2024\/08\/CE-certificado.png 1603w\" alt=\"\" width=\"30\" height=\"26\">             <img decoding=\"async\" class=\"alignnone wp-image-441\" src=\"https:\/\/smartur.eu\/wp-content\/uploads\/2024\/08\/ROHS-certificado-300x91.png\" sizes=\"(max-width: 162px) 100vw, 162px\" srcset=\"https:\/\/smartur.eu\/wp-content\/uploads\/2024\/08\/ROHS-certificado-300x91.png 300w, https:\/\/smartur.eu\/wp-content\/uploads\/2024\/08\/ROHS-certificado-1024x310.png 1024w, https:\/\/smartur.eu\/wp-content\/uploads\/2024\/08\/ROHS-certificado-768x233.png 768w, https:\/\/smartur.eu\/wp-content\/uploads\/2024\/08\/ROHS-certificado-1536x465.png 1536w, https:\/\/smartur.eu\/wp-content\/uploads\/2024\/08\/ROHS-certificado-600x182.png 600w, https:\/\/smartur.eu\/wp-content\/uploads\/2024\/08\/ROHS-certificado.png 1591w\" alt=\"\" width=\"95\" height=\"29\"><\/p>\n","protected":false},"excerpt":{"rendered":"<div class=\"description\">\n<p>Introducing a technological revolution for hospitality tables; Root, the best portable power supply.<\/p>\n<div class=\"page\" title=\"Page 9\">\n<div class=\"section\">\n<div class=\"layoutArea\">\n<div class=\"column\">\n<p>It is a modular electrification system for any type of furniture. It is a compact and versatile solution that facilitates the connection and use of electrical devices without compromising the design and functionality of the furniture. It allows customizing the installation according to the user&#8217;s needs, with multiple charging options.  <\/p>\n<\/div>\n<\/div>\n<\/div>\n<\/div>\n<ul>\n<li>USB Type A.<\/li>\n<li>USB Type C.<\/li>\n<li>Fast charge 45W.<\/li>\n<li>Feeding without fixed points.<\/li>\n<li>Autonomy of 2 days.<\/li>\n<li>Charges up to 10 devices.<\/li>\n<li>Simple attachment.<\/li>\n<li>Battery status indicator with red and green light.<\/li>\n<li>IP65 certification.<\/li>\n<li>Customizable logo.<\/li>\n<li>Anti-theft system.<\/li>\n<li>Possibility of wireless charging by installing <a href=\"https:\/\/topsmartfurniture.com\/producto\/ghost\/\">Ghost<\/a> device.<\/li>\n<li><a href=\"https:\/\/topsmartfurniture.com\/producto\/cargador-root\/\">Charger<\/a> not included.<\/li>\n<\/ul>\n<\/div>\n","protected":false},"featured_media":47558,"comment_status":"open","ping_status":"closed","template":"","meta":[],"product_brand":[],"product_cat":[200],"product_tag":[],"class_list":{"0":"post-47573","1":"product","2":"type-product","3":"status-publish","4":"has-post-thumbnail","6":"product_cat-usb-charging","9":"first","10":"instock","11":"taxable","12":"shipping-taxable","13":"product-type-simple"},"yoast_head":"<!-- This site is optimized with the Yoast SEO plugin v26.2 - https:\/\/yoast.com\/wordpress\/plugins\/seo\/ -->\n<title>ROOT - topsmartfurniture.com<\/title>\n<meta name=\"description\" content=\"Root, the best portable power supply for hospitality tables. It is a modular electrification system with multiple charging options.\" \/>\n<meta name=\"robots\" content=\"index, follow, max-snippet:-1, max-image-preview:large, max-video-preview:-1\" \/>\n<link rel=\"canonical\" href=\"https:\/\/topsmartfurniture.com\/en\/product\/root\/\" \/>\n<meta property=\"og:locale\" content=\"en_US\" \/>\n<meta property=\"og:type\" content=\"article\" \/>\n<meta property=\"og:title\" content=\"ROOT - topsmartfurniture.com\" \/>\n<meta property=\"og:description\" content=\"Root, the best portable power supply for hospitality tables. It is a modular electrification system with multiple charging options.\" \/>\n<meta property=\"og:url\" content=\"https:\/\/topsmartfurniture.com\/en\/product\/root\/\" \/>\n<meta property=\"og:site_name\" content=\"topsmartfurniture.com\" \/>\n<meta property=\"article:modified_time\" content=\"2025-04-08T09:17:20+00:00\" \/>\n<meta property=\"og:image\" content=\"https:\/\/topsmartfurniture.com\/wp-content\/uploads\/2025\/04\/ROOT-4.jpg\" \/>\n\t<meta property=\"og:image:width\" content=\"1000\" \/>\n\t<meta property=\"og:image:height\" content=\"1200\" \/>\n\t<meta property=\"og:image:type\" content=\"image\/jpeg\" \/>\n<meta name=\"twitter:card\" content=\"summary_large_image\" \/>\n<meta name=\"twitter:label1\" content=\"Est. reading time\" \/>\n\t<meta name=\"twitter:data1\" content=\"1 minute\" \/>\n<script type=\"application\/ld+json\" class=\"yoast-schema-graph\">{\"@context\":\"https:\/\/schema.org\",\"@graph\":[{\"@type\":\"WebPage\",\"@id\":\"https:\/\/topsmartfurniture.com\/en\/product\/root\/\",\"url\":\"https:\/\/topsmartfurniture.com\/en\/product\/root\/\",\"name\":\"ROOT - topsmartfurniture.com\",\"isPartOf\":{\"@id\":\"https:\/\/topsmartfurniture.com\/en\/#website\"},\"primaryImageOfPage\":{\"@id\":\"https:\/\/topsmartfurniture.com\/en\/product\/root\/#primaryimage\"},\"image\":{\"@id\":\"https:\/\/topsmartfurniture.com\/en\/product\/root\/#primaryimage\"},\"thumbnailUrl\":\"https:\/\/topsmartfurniture.com\/wp-content\/uploads\/2025\/04\/ROOT-4.jpg\",\"datePublished\":\"2025-04-08T08:49:23+00:00\",\"dateModified\":\"2025-04-08T09:17:20+00:00\",\"description\":\"Root, the best portable power supply for hospitality tables. It is a modular electrification system with multiple charging options.\",\"breadcrumb\":{\"@id\":\"https:\/\/topsmartfurniture.com\/en\/product\/root\/#breadcrumb\"},\"inLanguage\":\"en-US\",\"potentialAction\":[{\"@type\":\"ReadAction\",\"target\":[\"https:\/\/topsmartfurniture.com\/en\/product\/root\/\"]}]},{\"@type\":\"ImageObject\",\"inLanguage\":\"en-US\",\"@id\":\"https:\/\/topsmartfurniture.com\/en\/product\/root\/#primaryimage\",\"url\":\"https:\/\/topsmartfurniture.com\/wp-content\/uploads\/2025\/04\/ROOT-4.jpg\",\"contentUrl\":\"https:\/\/topsmartfurniture.com\/wp-content\/uploads\/2025\/04\/ROOT-4.jpg\",\"width\":1000,\"height\":1200,\"caption\":\"cargador ROOT port\u00e1til restaurantes bar mesa hosteler\u00eda usb carga r\u00e1pida carga inal\u00e1mbrica antirrobo\"},{\"@type\":\"BreadcrumbList\",\"@id\":\"https:\/\/topsmartfurniture.com\/en\/product\/root\/#breadcrumb\",\"itemListElement\":[{\"@type\":\"ListItem\",\"position\":1,\"name\":\"Inicio\",\"item\":\"https:\/\/topsmartfurniture.com\/en\/\"},{\"@type\":\"ListItem\",\"position\":2,\"name\":\"Shop\",\"item\":\"https:\/\/topsmartfurniture.com\/en\/shop\/\"},{\"@type\":\"ListItem\",\"position\":3,\"name\":\"ROOT\"}]},{\"@type\":\"WebSite\",\"@id\":\"https:\/\/topsmartfurniture.com\/en\/#website\",\"url\":\"https:\/\/topsmartfurniture.com\/en\/\",\"name\":\"topsmartfurniture.com\",\"description\":\"\",\"publisher\":{\"@id\":\"https:\/\/topsmartfurniture.com\/en\/#organization\"},\"potentialAction\":[{\"@type\":\"SearchAction\",\"target\":{\"@type\":\"EntryPoint\",\"urlTemplate\":\"https:\/\/topsmartfurniture.com\/en\/?s={search_term_string}\"},\"query-input\":{\"@type\":\"PropertyValueSpecification\",\"valueRequired\":true,\"valueName\":\"search_term_string\"}}],\"inLanguage\":\"en-US\"},{\"@type\":\"Organization\",\"@id\":\"https:\/\/topsmartfurniture.com\/en\/#organization\",\"name\":\"Top Smart Furniture\",\"url\":\"https:\/\/topsmartfurniture.com\/en\/\",\"logo\":{\"@type\":\"ImageObject\",\"inLanguage\":\"en-US\",\"@id\":\"https:\/\/topsmartfurniture.com\/en\/#\/schema\/logo\/image\/\",\"url\":\"https:\/\/topsmartfurniture.com\/wp-content\/uploads\/2024\/12\/Logo-Top-Smart-Furniture-2.png\",\"contentUrl\":\"https:\/\/topsmartfurniture.com\/wp-content\/uploads\/2024\/12\/Logo-Top-Smart-Furniture-2.png\",\"width\":800,\"height\":200,\"caption\":\"Top Smart Furniture\"},\"image\":{\"@id\":\"https:\/\/topsmartfurniture.com\/en\/#\/schema\/logo\/image\/\"},\"sameAs\":[\"https:\/\/www.instagram.com\/topsmartfurniture\/\"]}]}<\/script>\n<!-- \/ Yoast SEO plugin. -->","yoast_head_json":{"title":"ROOT - topsmartfurniture.com","description":"Root, the best portable power supply for hospitality tables. It is a modular electrification system with multiple charging options.","robots":{"index":"index","follow":"follow","max-snippet":"max-snippet:-1","max-image-preview":"max-image-preview:large","max-video-preview":"max-video-preview:-1"},"canonical":"https:\/\/topsmartfurniture.com\/en\/product\/root\/","og_locale":"en_US","og_type":"article","og_title":"ROOT - topsmartfurniture.com","og_description":"Root, the best portable power supply for hospitality tables. It is a modular electrification system with multiple charging options.","og_url":"https:\/\/topsmartfurniture.com\/en\/product\/root\/","og_site_name":"topsmartfurniture.com","article_modified_time":"2025-04-08T09:17:20+00:00","og_image":[{"width":1000,"height":1200,"url":"https:\/\/topsmartfurniture.com\/wp-content\/uploads\/2025\/04\/ROOT-4.jpg","type":"image\/jpeg"}],"twitter_card":"summary_large_image","twitter_misc":{"Est. reading time":"1 minute"},"schema":{"@context":"https:\/\/schema.org","@graph":[{"@type":"WebPage","@id":"https:\/\/topsmartfurniture.com\/en\/product\/root\/","url":"https:\/\/topsmartfurniture.com\/en\/product\/root\/","name":"ROOT - topsmartfurniture.com","isPartOf":{"@id":"https:\/\/topsmartfurniture.com\/en\/#website"},"primaryImageOfPage":{"@id":"https:\/\/topsmartfurniture.com\/en\/product\/root\/#primaryimage"},"image":{"@id":"https:\/\/topsmartfurniture.com\/en\/product\/root\/#primaryimage"},"thumbnailUrl":"https:\/\/topsmartfurniture.com\/wp-content\/uploads\/2025\/04\/ROOT-4.jpg","datePublished":"2025-04-08T08:49:23+00:00","dateModified":"2025-04-08T09:17:20+00:00","description":"Root, the best portable power supply for hospitality tables. It is a modular electrification system with multiple charging options.","breadcrumb":{"@id":"https:\/\/topsmartfurniture.com\/en\/product\/root\/#breadcrumb"},"inLanguage":"en-US","potentialAction":[{"@type":"ReadAction","target":["https:\/\/topsmartfurniture.com\/en\/product\/root\/"]}]},{"@type":"ImageObject","inLanguage":"en-US","@id":"https:\/\/topsmartfurniture.com\/en\/product\/root\/#primaryimage","url":"https:\/\/topsmartfurniture.com\/wp-content\/uploads\/2025\/04\/ROOT-4.jpg","contentUrl":"https:\/\/topsmartfurniture.com\/wp-content\/uploads\/2025\/04\/ROOT-4.jpg","width":1000,"height":1200,"caption":"cargador ROOT port\u00e1til restaurantes bar mesa hosteler\u00eda usb carga r\u00e1pida carga inal\u00e1mbrica antirrobo"},{"@type":"BreadcrumbList","@id":"https:\/\/topsmartfurniture.com\/en\/product\/root\/#breadcrumb","itemListElement":[{"@type":"ListItem","position":1,"name":"Inicio","item":"https:\/\/topsmartfurniture.com\/en\/"},{"@type":"ListItem","position":2,"name":"Shop","item":"https:\/\/topsmartfurniture.com\/en\/shop\/"},{"@type":"ListItem","position":3,"name":"ROOT"}]},{"@type":"WebSite","@id":"https:\/\/topsmartfurniture.com\/en\/#website","url":"https:\/\/topsmartfurniture.com\/en\/","name":"topsmartfurniture.com","description":"","publisher":{"@id":"https:\/\/topsmartfurniture.com\/en\/#organization"},"potentialAction":[{"@type":"SearchAction","target":{"@type":"EntryPoint","urlTemplate":"https:\/\/topsmartfurniture.com\/en\/?s={search_term_string}"},"query-input":{"@type":"PropertyValueSpecification","valueRequired":true,"valueName":"search_term_string"}}],"inLanguage":"en-US"},{"@type":"Organization","@id":"https:\/\/topsmartfurniture.com\/en\/#organization","name":"Top Smart Furniture","url":"https:\/\/topsmartfurniture.com\/en\/","logo":{"@type":"ImageObject","inLanguage":"en-US","@id":"https:\/\/topsmartfurniture.com\/en\/#\/schema\/logo\/image\/","url":"https:\/\/topsmartfurniture.com\/wp-content\/uploads\/2024\/12\/Logo-Top-Smart-Furniture-2.png","contentUrl":"https:\/\/topsmartfurniture.com\/wp-content\/uploads\/2024\/12\/Logo-Top-Smart-Furniture-2.png","width":800,"height":200,"caption":"Top Smart Furniture"},"image":{"@id":"https:\/\/topsmartfurniture.com\/en\/#\/schema\/logo\/image\/"},"sameAs":["https:\/\/www.instagram.com\/topsmartfurniture\/"]}]}},"_links":{"self":[{"href":"https:\/\/topsmartfurniture.com\/en\/wp-json\/wp\/v2\/product\/47573","targetHints":{"allow":["GET"]}}],"collection":[{"href":"https:\/\/topsmartfurniture.com\/en\/wp-json\/wp\/v2\/product"}],"about":[{"href":"https:\/\/topsmartfurniture.com\/en\/wp-json\/wp\/v2\/types\/product"}],"replies":[{"embeddable":true,"href":"https:\/\/topsmartfurniture.com\/en\/wp-json\/wp\/v2\/comments?post=47573"}],"wp:featuredmedia":[{"embeddable":true,"href":"https:\/\/topsmartfurniture.com\/en\/wp-json\/wp\/v2\/media\/47558"}],"wp:attachment":[{"href":"https:\/\/topsmartfurniture.com\/en\/wp-json\/wp\/v2\/media?parent=47573"}],"wp:term":[{"taxonomy":"product_brand","embeddable":true,"href":"https:\/\/topsmartfurniture.com\/en\/wp-json\/wp\/v2\/product_brand?post=47573"},{"taxonomy":"product_cat","embeddable":true,"href":"https:\/\/topsmartfurniture.com\/en\/wp-json\/wp\/v2\/product_cat?post=47573"},{"taxonomy":"product_tag","embeddable":true,"href":"https:\/\/topsmartfurniture.com\/en\/wp-json\/wp\/v2\/product_tag?post=47573"}],"curies":[{"name":"wp","href":"https:\/\/api.w.org\/{rel}","templated":true}]}}